{"id":71,"date":"2012-02-22T16:47:13","date_gmt":"2012-02-22T16:47:13","guid":{"rendered":"https:\/\/auf-nach-kuehlungsborn.de\/?page_id=71"},"modified":"2022-10-08T16:02:48","modified_gmt":"2022-10-08T16:02:48","slug":"impressum-und-kontakt","status":"publish","type":"page","link":"https:\/\/auf-nach-kuehlungsborn.de\/?page_id=71","title":{"rendered":"Impressum und Kontakt"},"content":{"rendered":"<p>Eva und Norbert Schuster<br \/>\nBerkholzer Wiesengrund 5<br \/>\n16303 Schwedt<\/p>\n<p><a href=\"mailto:mail@auf-nach-kuehlungsborn.de\"><span style=\"font-size: medium;\">mail@auf-nach-kuehlungsborn.de<\/span><\/a><\/p>\n<p>Buchungen bitte nur \u00fcber Sodan &amp; Partner<\/p>\n<p>Steuernummer: 062\/272\/00349<\/p>\n<p>Haftung: Diese Website wurde mit gr\u00f6\u00dftm\u00f6glicher Sorgfalt zusammengestellt. Trotzdem kann keine Gew\u00e4hr f\u00fcr die Fehlerfreiheit und Genauigkeit der enthaltenen Informationen \u00fcbernommen werden. Jegliche Haftung f\u00fcr Sch\u00e4den, die direkt oder indirekt aus der Benutzung dieser Website entstehen, wird ausgeschlossen, soweit diese nicht auf Vorsatz oder grober Fahrl\u00e4ssigkeit beruhen.<br \/>\nSofern von dieser Website auf Internetseiten verwiesen wird, die von Dritten betrieben werden, \u00fcbernimmt der Betreiber dieser Website keine Verantwortung f\u00fcr deren Inhalte.<!--:--><\/p>\n","protected":false},"excerpt":{"rendered":"<p>Eva und Norbert Schuster Berkholzer Wiesengrund 5 16303 Schwedt mail@auf-nach-kuehlungsborn.de Buchungen bitte nur \u00fcber Sodan &amp; Partner Steuernummer: 062\/272\/00349 Haftung: Diese Website wurde mit gr\u00f6\u00dftm\u00f6glicher Sorgfalt zusammengestellt. Trotzdem kann keine Gew\u00e4hr f\u00fcr die Fehlerfreiheit und Genauigkeit der enthaltenen Informationen \u00fcbernommen <span class=\"excerpt-dots\">&hellip;<\/span> <a class=\"more-link\" href=\"https:\/\/auf-nach-kuehlungsborn.de\/?page_id=71\"><span class=\"more-msg\">Weiterlesen &rarr;<\/span><\/a><\/p>\n","protected":false},"author":1,"featured_media":0,"parent":0,"menu_order":0,"comment_status":"closed","ping_status":"open","template":"","meta":{"ngg_post_thumbnail":0,"footnotes":""},"class_list":["post-71","page","type-page","status-publish","hentry"],"yoast_head":"<!-- This site is optimized with the Yoast SEO plugin v23.4 - https:\/\/yoast.com\/wordpress\/plugins\/seo\/ -->\n<title>Impressum und Kontakt | Auf nach K\u00fchlungsborn!<\/title>\n<meta name=\"robots\" content=\"index, follow, max-snippet:-1, max-image-preview:large, max-video-preview:-1\" \/>\n<link rel=\"canonical\" href=\"https:\/\/auf-nach-kuehlungsborn.de\/?page_id=71\" \/>\n<meta property=\"og:locale\" content=\"de_DE\" \/>\n<meta property=\"og:type\" content=\"article\" \/>\n<meta property=\"og:title\" content=\"Impressum und Kontakt | Auf nach K\u00fchlungsborn!\" \/>\n<meta property=\"og:description\" content=\"Eva und Norbert Schuster Berkholzer Wiesengrund 5 16303 Schwedt mail@auf-nach-kuehlungsborn.de Buchungen bitte nur \u00fcber Sodan &amp; Partner Steuernummer: 062\/272\/00349 Haftung: Diese Website wurde mit gr\u00f6\u00dftm\u00f6glicher Sorgfalt zusammengestellt. Trotzdem kann keine Gew\u00e4hr f\u00fcr die Fehlerfreiheit und Genauigkeit der enthaltenen Informationen \u00fcbernommen &hellip; Weiterlesen &rarr;\" \/>\n<meta property=\"og:url\" content=\"https:\/\/auf-nach-kuehlungsborn.de\/?page_id=71\" \/>\n<meta property=\"og:site_name\" content=\"Auf nach K\u00fchlungsborn!\" \/>\n<meta property=\"article:modified_time\" content=\"2022-10-08T16:02:48+00:00\" \/>\n<meta name=\"twitter:label1\" content=\"Gesch\u00e4tzte Lesezeit\" \/>\n\t<meta name=\"twitter:data1\" content=\"1\u00a0Minute\" \/>\n<script type=\"application\/ld+json\" class=\"yoast-schema-graph\">{\"@context\":\"https:\/\/schema.org\",\"@graph\":[{\"@type\":\"WebPage\",\"@id\":\"https:\/\/auf-nach-kuehlungsborn.de\/?page_id=71\",\"url\":\"https:\/\/auf-nach-kuehlungsborn.de\/?page_id=71\",\"name\":\"Impressum und Kontakt | Auf nach K\u00fchlungsborn!\",\"isPartOf\":{\"@id\":\"https:\/\/auf-nach-kuehlungsborn.de\/#website\"},\"datePublished\":\"2012-02-22T16:47:13+00:00\",\"dateModified\":\"2022-10-08T16:02:48+00:00\",\"breadcrumb\":{\"@id\":\"https:\/\/auf-nach-kuehlungsborn.de\/?page_id=71#breadcrumb\"},\"inLanguage\":\"de\",\"potentialAction\":[{\"@type\":\"ReadAction\",\"target\":[\"https:\/\/auf-nach-kuehlungsborn.de\/?page_id=71\"]}]},{\"@type\":\"BreadcrumbList\",\"@id\":\"https:\/\/auf-nach-kuehlungsborn.de\/?page_id=71#breadcrumb\",\"itemListElement\":[{\"@type\":\"ListItem\",\"position\":1,\"name\":\"Startseite\",\"item\":\"https:\/\/auf-nach-kuehlungsborn.de\/\"},{\"@type\":\"ListItem\",\"position\":2,\"name\":\"Impressum und Kontakt\"}]},{\"@type\":\"WebSite\",\"@id\":\"https:\/\/auf-nach-kuehlungsborn.de\/#website\",\"url\":\"https:\/\/auf-nach-kuehlungsborn.de\/\",\"name\":\"Auf nach K\u00fchlungsborn!\",\"description\":\"Ferienwohnungen an der Ostsee\",\"potentialAction\":[{\"@type\":\"SearchAction\",\"target\":{\"@type\":\"EntryPoint\",\"urlTemplate\":\"https:\/\/auf-nach-kuehlungsborn.de\/?s={search_term_string}\"},\"query-input\":{\"@type\":\"PropertyValueSpecification\",\"valueRequired\":true,\"valueName\":\"search_term_string\"}}],\"inLanguage\":\"de\"}]}<\/script>\n<!-- \/ Yoast SEO plugin. -->","yoast_head_json":{"title":"Impressum und Kontakt | Auf nach K\u00fchlungsborn!","robots":{"index":"index","follow":"follow","max-snippet":"max-snippet:-1","max-image-preview":"max-image-preview:large","max-video-preview":"max-video-preview:-1"},"canonical":"https:\/\/auf-nach-kuehlungsborn.de\/?page_id=71","og_locale":"de_DE","og_type":"article","og_title":"Impressum und Kontakt | Auf nach K\u00fchlungsborn!","og_description":"Eva und Norbert Schuster Berkholzer Wiesengrund 5 16303 Schwedt mail@auf-nach-kuehlungsborn.de Buchungen bitte nur \u00fcber Sodan &amp; Partner Steuernummer: 062\/272\/00349 Haftung: Diese Website wurde mit gr\u00f6\u00dftm\u00f6glicher Sorgfalt zusammengestellt. Trotzdem kann keine Gew\u00e4hr f\u00fcr die Fehlerfreiheit und Genauigkeit der enthaltenen Informationen \u00fcbernommen &hellip; Weiterlesen &rarr;","og_url":"https:\/\/auf-nach-kuehlungsborn.de\/?page_id=71","og_site_name":"Auf nach K\u00fchlungsborn!","article_modified_time":"2022-10-08T16:02:48+00:00","twitter_misc":{"Gesch\u00e4tzte Lesezeit":"1\u00a0Minute"},"schema":{"@context":"https:\/\/schema.org","@graph":[{"@type":"WebPage","@id":"https:\/\/auf-nach-kuehlungsborn.de\/?page_id=71","url":"https:\/\/auf-nach-kuehlungsborn.de\/?page_id=71","name":"Impressum und Kontakt | Auf nach K\u00fchlungsborn!","isPartOf":{"@id":"https:\/\/auf-nach-kuehlungsborn.de\/#website"},"datePublished":"2012-02-22T16:47:13+00:00","dateModified":"2022-10-08T16:02:48+00:00","breadcrumb":{"@id":"https:\/\/auf-nach-kuehlungsborn.de\/?page_id=71#breadcrumb"},"inLanguage":"de","potentialAction":[{"@type":"ReadAction","target":["https:\/\/auf-nach-kuehlungsborn.de\/?page_id=71"]}]},{"@type":"BreadcrumbList","@id":"https:\/\/auf-nach-kuehlungsborn.de\/?page_id=71#breadcrumb","itemListElement":[{"@type":"ListItem","position":1,"name":"Startseite","item":"https:\/\/auf-nach-kuehlungsborn.de\/"},{"@type":"ListItem","position":2,"name":"Impressum und Kontakt"}]},{"@type":"WebSite","@id":"https:\/\/auf-nach-kuehlungsborn.de\/#website","url":"https:\/\/auf-nach-kuehlungsborn.de\/","name":"Auf nach K\u00fchlungsborn!","description":"Ferienwohnungen an der Ostsee","potentialAction":[{"@type":"SearchAction","target":{"@type":"EntryPoint","urlTemplate":"https:\/\/auf-nach-kuehlungsborn.de\/?s={search_term_string}"},"query-input":{"@type":"PropertyValueSpecification","valueRequired":true,"valueName":"search_term_string"}}],"inLanguage":"de"}]}},"_links":{"self":[{"href":"https:\/\/auf-nach-kuehlungsborn.de\/index.php?rest_route=\/wp\/v2\/pages\/71"}],"collection":[{"href":"https:\/\/auf-nach-kuehlungsborn.de\/index.php?rest_route=\/wp\/v2\/pages"}],"about":[{"href":"https:\/\/auf-nach-kuehlungsborn.de\/index.php?rest_route=\/wp\/v2\/types\/page"}],"author":[{"embeddable":true,"href":"https:\/\/auf-nach-kuehlungsborn.de\/index.php?rest_route=\/wp\/v2\/users\/1"}],"replies":[{"embeddable":true,"href":"https:\/\/auf-nach-kuehlungsborn.de\/index.php?rest_route=%2Fwp%2Fv2%2Fcomments&post=71"}],"version-history":[{"count":7,"href":"https:\/\/auf-nach-kuehlungsborn.de\/index.php?rest_route=\/wp\/v2\/pages\/71\/revisions"}],"predecessor-version":[{"id":567,"href":"https:\/\/auf-nach-kuehlungsborn.de\/index.php?rest_route=\/wp\/v2\/pages\/71\/revisions\/567"}],"wp:attachment":[{"href":"https:\/\/auf-nach-kuehlungsborn.de\/index.php?rest_route=%2Fwp%2Fv2%2Fmedia&parent=71"}],"curies":[{"name":"wp","href":"https:\/\/api.w.org\/{rel}","templated":true}]}}