{"id":27,"date":"2012-02-22T11:50:10","date_gmt":"2012-02-22T11:50:10","guid":{"rendered":"https:\/\/auf-nach-kuehlungsborn.de\/?page_id=27"},"modified":"2021-12-28T15:07:48","modified_gmt":"2021-12-28T15:07:48","slug":"die-kolonnaden","status":"publish","type":"page","link":"https:\/\/auf-nach-kuehlungsborn.de\/?page_id=27","title":{"rendered":"Die Kolonnaden"},"content":{"rendered":"<p>Als westliche Begrenzung des Balticparkes wurde zu Beginn des 20. Jahrhunderts die denkmalgesch\u00fctzte Ladenzeile \u201eKolonnaden\u201c gebaut, um den Kurg\u00e4sten des Hotels am Park (heute Haus am Park) und des Kurhauses (heute Haus Meeresblick) exklusive Einkaufsm\u00f6glichkeiten direkt vor Ort zu bieten. Im Jahr 2001 wurde mit den \u201eGegenkolonnaden\u201c die Einkaufszone vollendet.<\/p>\n<p>In der Bummelmeile findet man auch heute stets etwas Besonderes und wenn die F\u00fc\u00dfe streiken, auch das passende Caf\u00e9 oder Restaurant \u2013 Kaffeer\u00f6sterei, B\u00e4ckereicaf\u00e9, Craft-Bier Bar und das weit \u00fcber K\u00fchlungsborn-West bekannte \u201eRossini\u201c mit den wohl gr\u00f6\u00dften Pizzen n\u00f6rdlich Italiens verlocken zum Schlemmen.<\/p>\n<p>Bei der Neugestaltung der Kolonnaden wurde besonderer Wert auf liebevolle Details gelegt. Ein kleiner Bachlauf durchpl\u00e4tschert die Fu\u00dfg\u00e4ngerzone und die Giebel der hanseatischen Fassaden werden von Hauszeichen gekr\u00f6nt.<\/p>\n<p>Ein Ort, an dem man sich wohl f\u00fchlen kann.<\/p>\n<div id=\"OKAYFREEDOM_INJECTED\" style=\"display: none;\">&nbsp;<\/div>\n<p><script src=\"moz-extension:\/\/bc74d119-3054-4415-baad-df14bdd652d8\/web\/libs\/ciuvo-addon-sdk.min.js\" async=\"\"><\/script><\/p>\n","protected":false},"excerpt":{"rendered":"<p>Als westliche Begrenzung des Balticparkes wurde zu Beginn des 20. Jahrhunderts die denkmalgesch\u00fctzte Ladenzeile \u201eKolonnaden\u201c gebaut, um den Kurg\u00e4sten des Hotels am Park (heute Haus am Park) und des Kurhauses (heute Haus Meeresblick) exklusive Einkaufsm\u00f6glichkeiten direkt vor Ort zu bieten. <span class=\"excerpt-dots\">&hellip;<\/span> <a class=\"more-link\" href=\"https:\/\/auf-nach-kuehlungsborn.de\/?page_id=27\"><span class=\"more-msg\">Weiterlesen &rarr;<\/span><\/a><\/p>\n","protected":false},"author":1,"featured_media":0,"parent":0,"menu_order":4,"comment_status":"closed","ping_status":"closed","template":"","meta":{"ngg_post_thumbnail":0,"footnotes":""},"class_list":["post-27","page","type-page","status-publish","hentry"],"yoast_head":"<!-- This site is optimized with the Yoast SEO plugin v23.4 - https:\/\/yoast.com\/wordpress\/plugins\/seo\/ -->\n<title>Die Kolonnaden | Auf nach K\u00fchlungsborn!<\/title>\n<meta name=\"robots\" content=\"index, follow, max-snippet:-1, max-image-preview:large, max-video-preview:-1\" \/>\n<link rel=\"canonical\" href=\"https:\/\/auf-nach-kuehlungsborn.de\/?page_id=27\" \/>\n<meta property=\"og:locale\" content=\"de_DE\" \/>\n<meta property=\"og:type\" content=\"article\" \/>\n<meta property=\"og:title\" content=\"Die Kolonnaden | Auf nach K\u00fchlungsborn!\" \/>\n<meta property=\"og:description\" content=\"Als westliche Begrenzung des Balticparkes wurde zu Beginn des 20. Jahrhunderts die denkmalgesch\u00fctzte Ladenzeile \u201eKolonnaden\u201c gebaut, um den Kurg\u00e4sten des Hotels am Park (heute Haus am Park) und des Kurhauses (heute Haus Meeresblick) exklusive Einkaufsm\u00f6glichkeiten direkt vor Ort zu bieten. &hellip; Weiterlesen &rarr;\" \/>\n<meta property=\"og:url\" content=\"https:\/\/auf-nach-kuehlungsborn.de\/?page_id=27\" \/>\n<meta property=\"og:site_name\" content=\"Auf nach K\u00fchlungsborn!\" \/>\n<meta property=\"article:modified_time\" content=\"2021-12-28T15:07:48+00:00\" \/>\n<meta name=\"twitter:label1\" content=\"Gesch\u00e4tzte Lesezeit\" \/>\n\t<meta name=\"twitter:data1\" content=\"1\u00a0Minute\" \/>\n<script type=\"application\/ld+json\" class=\"yoast-schema-graph\">{\"@context\":\"https:\/\/schema.org\",\"@graph\":[{\"@type\":\"WebPage\",\"@id\":\"https:\/\/auf-nach-kuehlungsborn.de\/?page_id=27\",\"url\":\"https:\/\/auf-nach-kuehlungsborn.de\/?page_id=27\",\"name\":\"Die Kolonnaden | Auf nach K\u00fchlungsborn!\",\"isPartOf\":{\"@id\":\"https:\/\/auf-nach-kuehlungsborn.de\/#website\"},\"datePublished\":\"2012-02-22T11:50:10+00:00\",\"dateModified\":\"2021-12-28T15:07:48+00:00\",\"breadcrumb\":{\"@id\":\"https:\/\/auf-nach-kuehlungsborn.de\/?page_id=27#breadcrumb\"},\"inLanguage\":\"de\",\"potentialAction\":[{\"@type\":\"ReadAction\",\"target\":[\"https:\/\/auf-nach-kuehlungsborn.de\/?page_id=27\"]}]},{\"@type\":\"BreadcrumbList\",\"@id\":\"https:\/\/auf-nach-kuehlungsborn.de\/?page_id=27#breadcrumb\",\"itemListElement\":[{\"@type\":\"ListItem\",\"position\":1,\"name\":\"Startseite\",\"item\":\"https:\/\/auf-nach-kuehlungsborn.de\/\"},{\"@type\":\"ListItem\",\"position\":2,\"name\":\"Die Kolonnaden\"}]},{\"@type\":\"WebSite\",\"@id\":\"https:\/\/auf-nach-kuehlungsborn.de\/#website\",\"url\":\"https:\/\/auf-nach-kuehlungsborn.de\/\",\"name\":\"Auf nach K\u00fchlungsborn!\",\"description\":\"Ferienwohnungen an der Ostsee\",\"potentialAction\":[{\"@type\":\"SearchAction\",\"target\":{\"@type\":\"EntryPoint\",\"urlTemplate\":\"https:\/\/auf-nach-kuehlungsborn.de\/?s={search_term_string}\"},\"query-input\":{\"@type\":\"PropertyValueSpecification\",\"valueRequired\":true,\"valueName\":\"search_term_string\"}}],\"inLanguage\":\"de\"}]}<\/script>\n<!-- \/ Yoast SEO plugin. -->","yoast_head_json":{"title":"Die Kolonnaden | Auf nach K\u00fchlungsborn!","robots":{"index":"index","follow":"follow","max-snippet":"max-snippet:-1","max-image-preview":"max-image-preview:large","max-video-preview":"max-video-preview:-1"},"canonical":"https:\/\/auf-nach-kuehlungsborn.de\/?page_id=27","og_locale":"de_DE","og_type":"article","og_title":"Die Kolonnaden | Auf nach K\u00fchlungsborn!","og_description":"Als westliche Begrenzung des Balticparkes wurde zu Beginn des 20. Jahrhunderts die denkmalgesch\u00fctzte Ladenzeile \u201eKolonnaden\u201c gebaut, um den Kurg\u00e4sten des Hotels am Park (heute Haus am Park) und des Kurhauses (heute Haus Meeresblick) exklusive Einkaufsm\u00f6glichkeiten direkt vor Ort zu bieten. &hellip; Weiterlesen &rarr;","og_url":"https:\/\/auf-nach-kuehlungsborn.de\/?page_id=27","og_site_name":"Auf nach K\u00fchlungsborn!","article_modified_time":"2021-12-28T15:07:48+00:00","twitter_misc":{"Gesch\u00e4tzte Lesezeit":"1\u00a0Minute"},"schema":{"@context":"https:\/\/schema.org","@graph":[{"@type":"WebPage","@id":"https:\/\/auf-nach-kuehlungsborn.de\/?page_id=27","url":"https:\/\/auf-nach-kuehlungsborn.de\/?page_id=27","name":"Die Kolonnaden | Auf nach K\u00fchlungsborn!","isPartOf":{"@id":"https:\/\/auf-nach-kuehlungsborn.de\/#website"},"datePublished":"2012-02-22T11:50:10+00:00","dateModified":"2021-12-28T15:07:48+00:00","breadcrumb":{"@id":"https:\/\/auf-nach-kuehlungsborn.de\/?page_id=27#breadcrumb"},"inLanguage":"de","potentialAction":[{"@type":"ReadAction","target":["https:\/\/auf-nach-kuehlungsborn.de\/?page_id=27"]}]},{"@type":"BreadcrumbList","@id":"https:\/\/auf-nach-kuehlungsborn.de\/?page_id=27#breadcrumb","itemListElement":[{"@type":"ListItem","position":1,"name":"Startseite","item":"https:\/\/auf-nach-kuehlungsborn.de\/"},{"@type":"ListItem","position":2,"name":"Die Kolonnaden"}]},{"@type":"WebSite","@id":"https:\/\/auf-nach-kuehlungsborn.de\/#website","url":"https:\/\/auf-nach-kuehlungsborn.de\/","name":"Auf nach K\u00fchlungsborn!","description":"Ferienwohnungen an der Ostsee","potentialAction":[{"@type":"SearchAction","target":{"@type":"EntryPoint","urlTemplate":"https:\/\/auf-nach-kuehlungsborn.de\/?s={search_term_string}"},"query-input":{"@type":"PropertyValueSpecification","valueRequired":true,"valueName":"search_term_string"}}],"inLanguage":"de"}]}},"_links":{"self":[{"href":"https:\/\/auf-nach-kuehlungsborn.de\/index.php?rest_route=\/wp\/v2\/pages\/27"}],"collection":[{"href":"https:\/\/auf-nach-kuehlungsborn.de\/index.php?rest_route=\/wp\/v2\/pages"}],"about":[{"href":"https:\/\/auf-nach-kuehlungsborn.de\/index.php?rest_route=\/wp\/v2\/types\/page"}],"author":[{"embeddable":true,"href":"https:\/\/auf-nach-kuehlungsborn.de\/index.php?rest_route=\/wp\/v2\/users\/1"}],"replies":[{"embeddable":true,"href":"https:\/\/auf-nach-kuehlungsborn.de\/index.php?rest_route=%2Fwp%2Fv2%2Fcomments&post=27"}],"version-history":[{"count":6,"href":"https:\/\/auf-nach-kuehlungsborn.de\/index.php?rest_route=\/wp\/v2\/pages\/27\/revisions"}],"predecessor-version":[{"id":539,"href":"https:\/\/auf-nach-kuehlungsborn.de\/index.php?rest_route=\/wp\/v2\/pages\/27\/revisions\/539"}],"wp:attachment":[{"href":"https:\/\/auf-nach-kuehlungsborn.de\/index.php?rest_route=%2Fwp%2Fv2%2Fmedia&parent=27"}],"curies":[{"name":"wp","href":"https:\/\/api.w.org\/{rel}","templated":true}]}}