{"id":226,"date":"2014-05-18T14:17:06","date_gmt":"2014-05-18T14:17:06","guid":{"rendered":"https:\/\/auf-nach-kuehlungsborn.de\/?page_id=226"},"modified":"2019-01-26T14:47:46","modified_gmt":"2019-01-26T14:47:46","slug":"anfahrt-2","status":"publish","type":"page","link":"https:\/\/auf-nach-kuehlungsborn.de\/?page_id=226","title":{"rendered":"Anfahrt"},"content":{"rendered":"<p>A 20, Abfahrt Kr\u00f6pelin<br \/>\nWeiter auf Landstra\u00dfe Richtung K\u00fchlungsborn<br \/>\nIn K\u00fchlungsborn den Hinweisschildern \u201eK\u00fchlungsborn-West\u201c folgen<\/p>\n<p><em>In K\u00fchlungsborn-West<\/em>&nbsp;(f\u00fcr beide Wohnungen)<br \/>\nNeue Reihe Richtung Westen, rechts einbiegen in die Friedrich-Borgwardt-Stra\u00dfe, dann links in die Poststra\u00dfe.<\/p>\n<p><strong>Wohnung unter den Kolonnaden<\/strong><\/p>\n<p>Unter den Kolonnaden 2<br \/>\nWohnung 17<br \/>\n18225 K\u00fchlungsborn<\/p>\n\n<p>Am Ende des Baltic-Parks rechts in die Einfahrt zum Haus Meeresblick<br \/>\nAchtung! Einfahrt noch vor den Kolonnaden (liegt etwas versteckt). Vor der Einfahrt zur Tiefgarage des Hauses Meeresblick nach links zur Einfahrtsschranke der Kolonnaden \u2013 Wohnungsschl\u00fcssel \u00f6ffnet die Schranke<\/p>\n<p><a href=\"https:\/\/auf-nach-kuehlungsborn.de\/wp-content\/uploads\/2012\/02\/134_g.jpg\"><img loading=\"lazy\" decoding=\"async\" title=\"Anfahrt unter den Kolonnaden\" src=\"https:\/\/auf-nach-kuehlungsborn.de\/wp-content\/uploads\/2012\/02\/134_g-e1329929617372.jpg\" alt=\"\" width=\"600\" height=\"450\"><\/a><\/p>\n<p><strong>Wohnung Strandkrone<\/strong><\/p>\n<p>Hermann-H\u00e4cker-Str. 42 b<br \/>\nWohnung 10<br \/>\n18225 K\u00fchlungsborn<\/p>\n\n<p>An den Kolonnaden vorbei, die Hermann-H\u00e4cker-Stra\u00dfe kreuzen (nicht in die H\u00e4cker-Stra\u00dfe einbiegen !). Unmittelbar hinter der \u201eResidenz Seestern\u201c rechts in die Einfahrt zur Strandkrone (auf Ausschilderung an der Einfahrt achten). Chip am Wohnungsschl\u00fcssel \u00f6ffnet die Schranke.<\/p>\n<p><a href=\"https:\/\/auf-nach-kuehlungsborn.de\/wp-content\/uploads\/2012\/02\/zufahrtstrand3.jpg\"><img loading=\"lazy\" decoding=\"async\" title=\"zufahrtstrand\" src=\"https:\/\/auf-nach-kuehlungsborn.de\/wp-content\/uploads\/2012\/02\/zufahrtstrand3-e1329929961634.jpg\" alt=\"\" width=\"600\" height=\"450\"><\/a><\/p>\n<p><em>Anfahrt von K\u00fchlungsborn-Ost durch die Ostseeallee<\/em><br \/>\nAm Kreisel K\u00fchlungsborn-West nach links in die Hermann-Stra\u00dfe, n\u00e4chste rechts in die Poststra\u00dfe. Dann weiter wie im Abschnitt \u201eIn K\u00fchlungsborn West\u201c<\/p>\n","protected":false},"excerpt":{"rendered":"<p>A 20, Abfahrt Kr\u00f6pelin Weiter auf Landstra\u00dfe Richtung K\u00fchlungsborn In K\u00fchlungsborn den Hinweisschildern \u201eK\u00fchlungsborn-West\u201c folgen In K\u00fchlungsborn-West&nbsp;(f\u00fcr beide Wohnungen) Neue Reihe Richtung Westen, rechts einbiegen in die Friedrich-Borgwardt-Stra\u00dfe, dann links in die Poststra\u00dfe. Wohnung unter den Kolonnaden Unter den Kolonnaden <span class=\"excerpt-dots\">&hellip;<\/span> <a class=\"more-link\" href=\"https:\/\/auf-nach-kuehlungsborn.de\/?page_id=226\"><span class=\"more-msg\">Weiterlesen &rarr;<\/span><\/a><\/p>\n","protected":false},"author":1,"featured_media":0,"parent":0,"menu_order":0,"comment_status":"closed","ping_status":"open","template":"","meta":{"ngg_post_thumbnail":0,"footnotes":""},"class_list":["post-226","page","type-page","status-publish","hentry"],"yoast_head":"<!-- This site is optimized with the Yoast SEO plugin v23.4 - https:\/\/yoast.com\/wordpress\/plugins\/seo\/ -->\n<title>Anfahrt | Auf nach K\u00fchlungsborn!<\/title>\n<meta name=\"robots\" content=\"index, follow, max-snippet:-1, max-image-preview:large, max-video-preview:-1\" \/>\n<link rel=\"canonical\" href=\"https:\/\/auf-nach-kuehlungsborn.de\/?page_id=226\" \/>\n<meta property=\"og:locale\" content=\"de_DE\" \/>\n<meta property=\"og:type\" content=\"article\" \/>\n<meta property=\"og:title\" content=\"Anfahrt | Auf nach K\u00fchlungsborn!\" \/>\n<meta property=\"og:description\" content=\"A 20, Abfahrt Kr\u00f6pelin Weiter auf Landstra\u00dfe Richtung K\u00fchlungsborn In K\u00fchlungsborn den Hinweisschildern \u201eK\u00fchlungsborn-West\u201c folgen In K\u00fchlungsborn-West&nbsp;(f\u00fcr beide Wohnungen) Neue Reihe Richtung Westen, rechts einbiegen in die Friedrich-Borgwardt-Stra\u00dfe, dann links in die Poststra\u00dfe. Wohnung unter den Kolonnaden Unter den Kolonnaden &hellip; Weiterlesen &rarr;\" \/>\n<meta property=\"og:url\" content=\"https:\/\/auf-nach-kuehlungsborn.de\/?page_id=226\" \/>\n<meta property=\"og:site_name\" content=\"Auf nach K\u00fchlungsborn!\" \/>\n<meta property=\"article:modified_time\" content=\"2019-01-26T14:47:46+00:00\" \/>\n<meta property=\"og:image\" content=\"https:\/\/auf-nach-kuehlungsborn.de\/wp-content\/uploads\/2012\/02\/134_g-e1329929617372.jpg\" \/>\n<meta name=\"twitter:label1\" content=\"Gesch\u00e4tzte Lesezeit\" \/>\n\t<meta name=\"twitter:data1\" content=\"1\u00a0Minute\" \/>\n<script type=\"application\/ld+json\" class=\"yoast-schema-graph\">{\"@context\":\"https:\/\/schema.org\",\"@graph\":[{\"@type\":\"WebPage\",\"@id\":\"https:\/\/auf-nach-kuehlungsborn.de\/?page_id=226\",\"url\":\"https:\/\/auf-nach-kuehlungsborn.de\/?page_id=226\",\"name\":\"Anfahrt | Auf nach K\u00fchlungsborn!\",\"isPartOf\":{\"@id\":\"https:\/\/auf-nach-kuehlungsborn.de\/#website\"},\"primaryImageOfPage\":{\"@id\":\"https:\/\/auf-nach-kuehlungsborn.de\/?page_id=226#primaryimage\"},\"image\":{\"@id\":\"https:\/\/auf-nach-kuehlungsborn.de\/?page_id=226#primaryimage\"},\"thumbnailUrl\":\"https:\/\/auf-nach-kuehlungsborn.de\/wp-content\/uploads\/2012\/02\/134_g-e1329929617372.jpg\",\"datePublished\":\"2014-05-18T14:17:06+00:00\",\"dateModified\":\"2019-01-26T14:47:46+00:00\",\"breadcrumb\":{\"@id\":\"https:\/\/auf-nach-kuehlungsborn.de\/?page_id=226#breadcrumb\"},\"inLanguage\":\"de\",\"potentialAction\":[{\"@type\":\"ReadAction\",\"target\":[\"https:\/\/auf-nach-kuehlungsborn.de\/?page_id=226\"]}]},{\"@type\":\"ImageObject\",\"inLanguage\":\"de\",\"@id\":\"https:\/\/auf-nach-kuehlungsborn.de\/?page_id=226#primaryimage\",\"url\":\"https:\/\/auf-nach-kuehlungsborn.de\/wp-content\/uploads\/2012\/02\/134_g-e1329929617372.jpg\",\"contentUrl\":\"https:\/\/auf-nach-kuehlungsborn.de\/wp-content\/uploads\/2012\/02\/134_g-e1329929617372.jpg\",\"width\":\"600\",\"height\":\"450\"},{\"@type\":\"BreadcrumbList\",\"@id\":\"https:\/\/auf-nach-kuehlungsborn.de\/?page_id=226#breadcrumb\",\"itemListElement\":[{\"@type\":\"ListItem\",\"position\":1,\"name\":\"Startseite\",\"item\":\"https:\/\/auf-nach-kuehlungsborn.de\/\"},{\"@type\":\"ListItem\",\"position\":2,\"name\":\"Anfahrt\"}]},{\"@type\":\"WebSite\",\"@id\":\"https:\/\/auf-nach-kuehlungsborn.de\/#website\",\"url\":\"https:\/\/auf-nach-kuehlungsborn.de\/\",\"name\":\"Auf nach K\u00fchlungsborn!\",\"description\":\"Ferienwohnungen an der Ostsee\",\"potentialAction\":[{\"@type\":\"SearchAction\",\"target\":{\"@type\":\"EntryPoint\",\"urlTemplate\":\"https:\/\/auf-nach-kuehlungsborn.de\/?s={search_term_string}\"},\"query-input\":{\"@type\":\"PropertyValueSpecification\",\"valueRequired\":true,\"valueName\":\"search_term_string\"}}],\"inLanguage\":\"de\"}]}<\/script>\n<!-- \/ Yoast SEO plugin. -->","yoast_head_json":{"title":"Anfahrt | Auf nach K\u00fchlungsborn!","robots":{"index":"index","follow":"follow","max-snippet":"max-snippet:-1","max-image-preview":"max-image-preview:large","max-video-preview":"max-video-preview:-1"},"canonical":"https:\/\/auf-nach-kuehlungsborn.de\/?page_id=226","og_locale":"de_DE","og_type":"article","og_title":"Anfahrt | Auf nach K\u00fchlungsborn!","og_description":"A 20, Abfahrt Kr\u00f6pelin Weiter auf Landstra\u00dfe Richtung K\u00fchlungsborn In K\u00fchlungsborn den Hinweisschildern \u201eK\u00fchlungsborn-West\u201c folgen In K\u00fchlungsborn-West&nbsp;(f\u00fcr beide Wohnungen) Neue Reihe Richtung Westen, rechts einbiegen in die Friedrich-Borgwardt-Stra\u00dfe, dann links in die Poststra\u00dfe. Wohnung unter den Kolonnaden Unter den Kolonnaden &hellip; Weiterlesen &rarr;","og_url":"https:\/\/auf-nach-kuehlungsborn.de\/?page_id=226","og_site_name":"Auf nach K\u00fchlungsborn!","article_modified_time":"2019-01-26T14:47:46+00:00","og_image":[{"url":"https:\/\/auf-nach-kuehlungsborn.de\/wp-content\/uploads\/2012\/02\/134_g-e1329929617372.jpg"}],"twitter_misc":{"Gesch\u00e4tzte Lesezeit":"1\u00a0Minute"},"schema":{"@context":"https:\/\/schema.org","@graph":[{"@type":"WebPage","@id":"https:\/\/auf-nach-kuehlungsborn.de\/?page_id=226","url":"https:\/\/auf-nach-kuehlungsborn.de\/?page_id=226","name":"Anfahrt | Auf nach K\u00fchlungsborn!","isPartOf":{"@id":"https:\/\/auf-nach-kuehlungsborn.de\/#website"},"primaryImageOfPage":{"@id":"https:\/\/auf-nach-kuehlungsborn.de\/?page_id=226#primaryimage"},"image":{"@id":"https:\/\/auf-nach-kuehlungsborn.de\/?page_id=226#primaryimage"},"thumbnailUrl":"https:\/\/auf-nach-kuehlungsborn.de\/wp-content\/uploads\/2012\/02\/134_g-e1329929617372.jpg","datePublished":"2014-05-18T14:17:06+00:00","dateModified":"2019-01-26T14:47:46+00:00","breadcrumb":{"@id":"https:\/\/auf-nach-kuehlungsborn.de\/?page_id=226#breadcrumb"},"inLanguage":"de","potentialAction":[{"@type":"ReadAction","target":["https:\/\/auf-nach-kuehlungsborn.de\/?page_id=226"]}]},{"@type":"ImageObject","inLanguage":"de","@id":"https:\/\/auf-nach-kuehlungsborn.de\/?page_id=226#primaryimage","url":"https:\/\/auf-nach-kuehlungsborn.de\/wp-content\/uploads\/2012\/02\/134_g-e1329929617372.jpg","contentUrl":"https:\/\/auf-nach-kuehlungsborn.de\/wp-content\/uploads\/2012\/02\/134_g-e1329929617372.jpg","width":"600","height":"450"},{"@type":"BreadcrumbList","@id":"https:\/\/auf-nach-kuehlungsborn.de\/?page_id=226#breadcrumb","itemListElement":[{"@type":"ListItem","position":1,"name":"Startseite","item":"https:\/\/auf-nach-kuehlungsborn.de\/"},{"@type":"ListItem","position":2,"name":"Anfahrt"}]},{"@type":"WebSite","@id":"https:\/\/auf-nach-kuehlungsborn.de\/#website","url":"https:\/\/auf-nach-kuehlungsborn.de\/","name":"Auf nach K\u00fchlungsborn!","description":"Ferienwohnungen an der Ostsee","potentialAction":[{"@type":"SearchAction","target":{"@type":"EntryPoint","urlTemplate":"https:\/\/auf-nach-kuehlungsborn.de\/?s={search_term_string}"},"query-input":{"@type":"PropertyValueSpecification","valueRequired":true,"valueName":"search_term_string"}}],"inLanguage":"de"}]}},"_links":{"self":[{"href":"https:\/\/auf-nach-kuehlungsborn.de\/index.php?rest_route=\/wp\/v2\/pages\/226"}],"collection":[{"href":"https:\/\/auf-nach-kuehlungsborn.de\/index.php?rest_route=\/wp\/v2\/pages"}],"about":[{"href":"https:\/\/auf-nach-kuehlungsborn.de\/index.php?rest_route=\/wp\/v2\/types\/page"}],"author":[{"embeddable":true,"href":"https:\/\/auf-nach-kuehlungsborn.de\/index.php?rest_route=\/wp\/v2\/users\/1"}],"replies":[{"embeddable":true,"href":"https:\/\/auf-nach-kuehlungsborn.de\/index.php?rest_route=%2Fwp%2Fv2%2Fcomments&post=226"}],"version-history":[{"count":3,"href":"https:\/\/auf-nach-kuehlungsborn.de\/index.php?rest_route=\/wp\/v2\/pages\/226\/revisions"}],"predecessor-version":[{"id":455,"href":"https:\/\/auf-nach-kuehlungsborn.de\/index.php?rest_route=\/wp\/v2\/pages\/226\/revisions\/455"}],"wp:attachment":[{"href":"https:\/\/auf-nach-kuehlungsborn.de\/index.php?rest_route=%2Fwp%2Fv2%2Fmedia&parent=226"}],"curies":[{"name":"wp","href":"https:\/\/api.w.org\/{rel}","templated":true}]}}